{"id":714,"date":"2020-09-25T20:23:13","date_gmt":"2020-09-25T20:23:13","guid":{"rendered":"http:\/\/nueva.losvazquez.es\/politica-de-cookies\/"},"modified":"2021-01-21T12:53:51","modified_gmt":"2021-01-21T12:53:51","slug":"cookies-policy","status":"publish","type":"page","link":"https:\/\/losvazquez.es\/en\/cookies-policy\/","title":{"rendered":"Cookies policy"},"content":{"rendered":"<p><strong>DEFINICI\u00d3N Y FUNCI\u00d3N DE LAS COOKIES<\/strong><br \/>Una cookie o tambi\u00e9n llamada galleta inform\u00e1tica es una informaci\u00f3n enviada por un sitio web que queda almacenada en el navegador del usuario. As\u00ed, permiten a una p\u00e1gina web, entre otras cosas, almacenar y recuperar informaci\u00f3n sobre los h\u00e1bitos de navegaci\u00f3n de un usuario o de su equipo.<\/p>\n<p><strong>TIPOS DE COOKIES<\/strong><br \/>\u2022 En funci\u00f3n del propietario de la cookie:<br \/>1. Cookies propias: Se env\u00edan al usuario desde un equipo o dominio gestionado por el propio editor y desde el que se presta el servicio solicitado por el usuario.<br \/>2. Cookies de tercero: Se env\u00edan al usuario desde un equipo o dominio que no es gestionado por el editor, sino por otra entidad que trata los datos obtenidos trav\u00e9s de las cookies.<br \/>\u2022 En funci\u00f3n de la duraci\u00f3n de la cookie:<br \/>1. Cookies de sesi\u00f3n: Son un tipo de cookies dise\u00f1adas para recabar y almacenar datos mientras el usuario accede a una p\u00e1gina web.<br \/>2. Cookies persistentes: Los datos siguen almacenados en el terminal y pueden ser accedidos y tratados durante un periodo definido por el responsable de la cookie, y que puede ir de unos minutos a varios a\u00f1os.<br \/>\u2022 En funci\u00f3n de la finalidad de la cookie:<br \/>1. Cookies de an\u00e1lisis: Permiten cuantificar el n\u00famero de usuarios y la medici\u00f3n y an\u00e1lisis estad\u00edstico de la utilizaci\u00f3n que hacen los usuarios del servicio ofertado. Para ello se analiza su navegaci\u00f3n en nuestra p\u00e1gina web con el fin de mejorar la oferta de productos o servicios que le ofrecemos.<br \/>2. Cookies publicitarias: Permiten la gesti\u00f3n, de la forma m\u00e1s eficaz posible, de los espacios publicitarios que, en su caso, el editor haya incluido en una p\u00e1gina web, aplicaci\u00f3n o plataforma desde la que presta el servicio solicitado en base a criterios como el contenido editado o la frecuencia en la que se muestran los anuncios.<br \/>3. Cookies de publicidad comportamental: Permiten la gesti\u00f3n, de la forma m\u00e1s eficaz posible, de los espacios publicitarios que, en su caso, el editor haya incluido en una p\u00e1gina web, aplicaci\u00f3n o plataforma desde la que presta el servicio solicitado. Estas cookies almacenan informaci\u00f3n del comportamiento de los usuarios obtenida a trav\u00e9s de la observaci\u00f3n continuada de sus h\u00e1bitos de navegaci\u00f3n, lo que permite desarrollar un perfil espec\u00edfico para mostrar publicidad en funci\u00f3n del mismo.<br \/>4. Cookies t\u00e9cnicas: Permiten al usuario la navegaci\u00f3n a trav\u00e9s de una p\u00e1gina web, plataforma o aplicaci\u00f3n y la utilizaci\u00f3n de las diferentes opciones o servicios que en ella existan como, por ejemplo, controlar el tr\u00e1fico y la comunicaci\u00f3n de datos, identificar la sesi\u00f3n, acceder a partes de acceso restringido, recordar los elementos que integran un pedido, realizar el proceso de compra de un pedido, realizar la solicitud de inscripci\u00f3n o participaci\u00f3n en un evento, utilizar elementos de seguridad durante la navegaci\u00f3n, almacenar contenidos para la difusi\u00f3n de videos o sonido o compartir contenidos a trav\u00e9s de redes sociales<br \/>5. Cookies de personalizaci\u00f3n: Son aqu\u00e9llas que permiten al usuario acceder al servicio con algunas caracter\u00edsticas de car\u00e1cter general predefinidas en funci\u00f3n de una serie de criterios en el terminal del usuario como por ejemplo serian el idioma, el tipo de navegador a trav\u00e9s del cual accede al servicio, la configuraci\u00f3n regional desde donde accede al servicio, etc.<\/p>\n<p><strong>COOKIES UTILIZADAS EN NUESTRA WEB<\/strong><br \/>A continuaci\u00f3n se muestran las distintas cookies usadas en la web de Bunny Bike:<br \/>Nombre Finalidad<br \/>_ga Cookies de Google Analytics. Recopila informaci\u00f3n an\u00f3nima sobre la navegaci\u00f3n de los usuarios por el sitio web con el fin de generar datos estad\u00edsticos<br \/>_gat Cookies de Google Analytics. Recopila informaci\u00f3n an\u00f3nima sobre la navegaci\u00f3n de los usuarios por el sitio web con el fin de generar datos estad\u00edsticos<br \/>_gid Cookies de Google Analytics. Recopila informaci\u00f3n an\u00f3nima sobre la navegaci\u00f3n de los usuarios por el sitio web con el fin de generar datos estad\u00edsticos<\/p>\n<p>4. Aceptaci\u00f3n de la Pol\u00edtica de Cookies<br \/>Cuando entre en nuestra web y ante esta informaci\u00f3n puede realizar dos acciones:<br \/>\u2022 Aceptar cookies: la aceptaci\u00f3n hace que desaparezca el cartel y no vuelva a aparecer.<br \/>\u2022 Cerrar: Oculta el aviso en la presente p\u00e1gina. Si el usuario contin\u00faa en la web y no la abandona se entender\u00e1 que acepta el uso de cookies.<\/p>\n<p>5. Desactivaci\u00f3n de las cookies <br \/>Ponemos en conocimiento de nuestro Usuario que en cualquier momento podr\u00e1 elegir qu\u00e9 cookies quiere que funcionen en su navegador a trav\u00e9s de la configuraci\u00f3n de dicho navegador<\/p>\n<p>6. Cambio de su configuraci\u00f3n.<br \/>Al cambiar la configuraci\u00f3n en su navegador web, el Usuario puede establecer que le sea notificado si se almacena una cookie en su ordenador. Al cambiar la configuraci\u00f3n, tambi\u00e9n puede establecer que su navegador no acepte cookies de esta Web. Sin embargo, si su navegador no acepta cookies de esta Web, es posible que no pueda acceder o utilizar todas las funciones del mismo.<\/p>\n","protected":false},"excerpt":{"rendered":"<p>DEFINICI\u00d3N Y FUNCI\u00d3N DE LAS COOKIESUna cookie o tambi\u00e9n llamada galleta inform\u00e1tica es una informaci\u00f3n enviada por un sitio web que queda almacenada en el navegador del usuario. As\u00ed, permiten a una p\u00e1gina web, entre otras cosas, almacenar y recuperar informaci\u00f3n sobre los h\u00e1bitos de&#8230;<\/p>\n","protected":false},"author":1,"featured_media":0,"parent":0,"menu_order":0,"comment_status":"closed","ping_status":"open","template":"","meta":[],"_links":{"self":[{"href":"https:\/\/losvazquez.es\/en\/wp-json\/wp\/v2\/pages\/714"}],"collection":[{"href":"https:\/\/losvazquez.es\/en\/wp-json\/wp\/v2\/pages"}],"about":[{"href":"https:\/\/losvazquez.es\/en\/wp-json\/wp\/v2\/types\/page"}],"author":[{"embeddable":true,"href":"https:\/\/losvazquez.es\/en\/wp-json\/wp\/v2\/users\/1"}],"replies":[{"embeddable":true,"href":"https:\/\/losvazquez.es\/en\/wp-json\/wp\/v2\/comments?post=714"}],"version-history":[{"count":1,"href":"https:\/\/losvazquez.es\/en\/wp-json\/wp\/v2\/pages\/714\/revisions"}],"predecessor-version":[{"id":715,"href":"https:\/\/losvazquez.es\/en\/wp-json\/wp\/v2\/pages\/714\/revisions\/715"}],"wp:attachment":[{"href":"https:\/\/losvazquez.es\/en\/wp-json\/wp\/v2\/media?parent=714"}],"curies":[{"name":"wp","href":"https:\/\/api.w.org\/{rel}","templated":true}]}}