{"id":357,"date":"2021-01-05T13:55:33","date_gmt":"2021-01-05T13:55:33","guid":{"rendered":"http:\/\/nueva.losvazquez.es\/?page_id=357"},"modified":"2021-01-21T12:48:46","modified_gmt":"2021-01-21T12:48:46","slug":"legal-warning","status":"publish","type":"page","link":"https:\/\/losvazquez.es\/en\/legal-warning\/","title":{"rendered":"Legal warning"},"content":{"rendered":"<p>De conformidad con lo establecido en los art\u00edculos 5 y 6 de la Ley Org\u00e1nica 15\/1999 de 13 de diciembre de Protecci\u00f3n de Datos de Car\u00e1cter Personal, le informamos que los datos de car\u00e1cter personal que voluntariamente nos facilite a trav\u00e9s de los distintos formularios de entrada dispuestos al efecto en la web losvazquez.com o en cualquier otro canal de recogida de los mismos, ser\u00e1n incorporados al fichero denominado USUARIOS DE LA WEB responsabilidad de Quesos los V\u00e1zquez S.L., con domicilio en Ctra Sevilla-Huelva KM 580, Castilleja del Campo (Sevilla) y n\u00ba de B41677063, con las siguientes finalidades:<br \/>\n\u2022 La resoluci\u00f3n de consultas\/dudas.<br \/>\n\u2022 Responder de forma eficaz a su solicitud de compra de nuestros productos.<\/p>\n<p>As\u00ed mismo, EL USUARIO de la web losvazquez.es al facilitar voluntariamente sus datos de car\u00e1cter personal a trav\u00e9s de los distintos formularios de entrada dispuestos al efecto en la web, autoriza de manera expresa a que sus datos puedan ser utilizados en el env\u00edo de comunicaciones comerciales y ofertas publicitarias por e-mail, fax o cualquier otro medio electr\u00f3nico o f\u00edsico, presente o futuro.<\/p>\n<p>Todos los datos solicitados a trav\u00e9s de la Web son obligatorios. En caso de no ser facilitados Quesos los V\u00e1zquez S.L.no garantiza que los servicios prestados se ajusten completamente a sus necesidades.<\/p>\n<p>El consentimiento se entender\u00e1 prestado en tanto no nos comunique expresamente la revocaci\u00f3n del mismo a alguno de los tratamientos indicados anteriormente. A tal efecto, EL USUARIO podr\u00e1 darse de baja de cualquiera de los servicios contratados enviando un correo electr\u00f3nico a la direcci\u00f3n: info@losvazquez.es<\/p>\n<p>EL USUARIO de la web losvazquez.es ser\u00e1 el \u00fanico responsable de la veracidad y exactitud de los datos aportados, Quesos los V\u00e1zquez S.L.de buena fe como mero prestador del servicio. En caso de haber facilitado datos falsos o de terceras personas sin mediar su consentimiento para ello, Quesos los V\u00e1zquez S.L. se reserva el derecho a la destrucci\u00f3n inmediata de los citados datos a fin de proteger el derecho del titular o titulares de los mismos.<\/p>\n<p>Quesos los V\u00e1zquez S.L. se compromete al cumplimiento de su obligaci\u00f3n de secreto de los datos de car\u00e1cter personal y de su deber de guardarlos y adoptar\u00e1 todas las medidas de \u00edndole t\u00e9cnica y organizativa para garantizar la seguridad de los datos de car\u00e1cter personal y evitar su alteraci\u00f3n, p\u00e9rdida, tratamiento o acceso no autorizado, habida cuenta del estado de la tecnolog\u00eda, la naturaleza de los datos almacenados y los riesgos a que est\u00e9n expuestos, todo ello de conformidad con lo establecido en el Real Decreto 1720\/2007.<\/p>\n<p>El sitio Web dispone de las medidas de seguridad de la informaci\u00f3n generalmente utilizadas para evitar el acceso no autorizado a los datos personales, por ejemplo: firewalls, procedimientos de control de acceso.<\/p>\n<p>EL USUARIO de la web losvazquez.es podr\u00e1 en cualquier momento ejercer sus derechos de acceso, rectificaci\u00f3n, cancelaci\u00f3n y oposici\u00f3n en los t\u00e9rminos establecidos en la Ley Org\u00e1nica 15\/1999, dirigi\u00e9ndose al responsable del fichero, en la siguiente direcci\u00f3n, adjuntando copia del DNI.<\/p>\n<p>Empresa: Quesos los V\u00e1zquez S.L.<br \/>\nDirecci\u00f3n: Ctra. Sevilla-Huelva km 580, Castilleja del Campo (Sevilla)<\/p>\n<p>El usuario certifica que es mayor de 18 a\u00f1os y que por lo tanto posee la capacidad legal necesaria para la prestaci\u00f3n del consentimiento en cuanto al tratamiento de sus datos de car\u00e1cter personal y todo ello, de conformidad con lo establecido en la presente Pol\u00edtica de Privacidad. Ning\u00fan menor de 18 a\u00f1os puede proporcionar informaci\u00f3n personal Quesos los V\u00e1zquez S.L.. En el caso de tener conocimiento del registro de un menor de edad, la informaci\u00f3n ser\u00e1 eliminada.<\/p>\n<p>EL USUARIO autoriza al tratamiento automatizado de los datos personales suministrados en los t\u00e9rminos indicados. Para ello marque la casilla ubicada a tal efecto junto al texto He le\u00eddo y acepto la pol\u00edtica de privacidad de datos y pulse el bot\u00f3n \u201cACEPTAR\u201d que se encuentra tras el formulario de recogida de datos.<\/p>\n<p>losvazquez.es ser\u00e1 el \u00fanico responsable de la veracidad y exactitud de los datos aportados Quesos los V\u00e1zquez S.L.de buena fe como mero prestador del servicio. En caso de haber facilitado datos falsos o de terceras personas sin mediar su consentimiento para ello, Quesos los V\u00e1zquez S.L. se reserva el derecho a la destrucci\u00f3n inmediata de los citados datos a fin de proteger el derecho del titular o titulares de los mismos.<\/p>\n","protected":false},"excerpt":{"rendered":"<p>De conformidad con lo establecido en los art\u00edculos 5 y 6 de la Ley Org\u00e1nica 15\/1999 de 13 de diciembre de Protecci\u00f3n de Datos de Car\u00e1cter Personal, le informamos que los datos de car\u00e1cter personal que voluntariamente nos facilite a trav\u00e9s de los distintos formularios&#8230;<\/p>\n","protected":false},"author":1,"featured_media":0,"parent":0,"menu_order":0,"comment_status":"closed","ping_status":"closed","template":"","meta":[],"_links":{"self":[{"href":"https:\/\/losvazquez.es\/en\/wp-json\/wp\/v2\/pages\/357"}],"collection":[{"href":"https:\/\/losvazquez.es\/en\/wp-json\/wp\/v2\/pages"}],"about":[{"href":"https:\/\/losvazquez.es\/en\/wp-json\/wp\/v2\/types\/page"}],"author":[{"embeddable":true,"href":"https:\/\/losvazquez.es\/en\/wp-json\/wp\/v2\/users\/1"}],"replies":[{"embeddable":true,"href":"https:\/\/losvazquez.es\/en\/wp-json\/wp\/v2\/comments?post=357"}],"version-history":[{"count":2,"href":"https:\/\/losvazquez.es\/en\/wp-json\/wp\/v2\/pages\/357\/revisions"}],"predecessor-version":[{"id":701,"href":"https:\/\/losvazquez.es\/en\/wp-json\/wp\/v2\/pages\/357\/revisions\/701"}],"wp:attachment":[{"href":"https:\/\/losvazquez.es\/en\/wp-json\/wp\/v2\/media?parent=357"}],"curies":[{"name":"wp","href":"https:\/\/api.w.org\/{rel}","templated":true}]}}